{"id":120,"date":"2015-02-27T13:37:02","date_gmt":"2015-02-27T13:37:02","guid":{"rendered":"https:\/\/www.perl-bau.at\/wp\/?page_id=120"},"modified":"2020-06-26T11:31:22","modified_gmt":"2020-06-26T11:31:22","slug":"terraway-4","status":"publish","type":"page","link":"https:\/\/www.perl-bau.at\/wp\/?page_id=120","title":{"rendered":"TerraWay"},"content":{"rendered":"<div class=\"entry-content\">\n<p><strong>TerraWay<\/strong><strong>-Bel\u00e4ge lassen die Erde aufatmen<\/strong><\/p>\n<p>TerraWay ist ein fester und belastbarer, gleichzeitig jedoch wasserdurchl\u00e4ssiger und atmungsaktiver Bodenbelag f\u00fcr Au\u00dfenbereiche. Er besteht aus nat\u00fcrlichen Edelsplitten und Kiesen, die mit einem speziell\u00a0entwickelten, umweltfreundlichen TerraWay-Binder verklebt werden. Ausgeh\u00e4rtet entsteht ein abriebfester Belag mit dem Pl\u00e4tze, Wege und Fl\u00e4chen befestigt werden, ohne sie zu versiegeln. Der Lebensraum von Pflanzen und Baumwurzeln wird nicht gest\u00f6rt, der Gasaustausch im Boden nicht behindert und die Verdunstung ist jederzeit m\u00f6glich. Die Erde atmet sp\u00fcrbar auf!<\/p>\n<\/div>\n<div class=\"entry-content\">\n<p><strong>N\u00e4here Produktinformationen \u00fcber TerraWay<\/strong><strong>-Bodenbel\u00e4ge, Anwendungsgebiete, Referenzprojekte, Einbaupartner und vieles mehr finden Sie <a href=\"http:\/\/www.terraway.at\" target=\"_blank\" rel=\"noopener noreferrer\">hier<\/a>.<\/strong><\/p>\n<p>Gemeinsam mit dem Partnerunternehmen Steinbauer Development GmbH werden wasserdurchl\u00e4ssige, aber gleichzeitig feste und belastbare Bondenbel\u00e4ge f\u00fcr den Au\u00dfenbereich hergestellt. Die Leistungen der Fa. perl.bau.consulting umfassen die Bau- und Projektleitung bei TerraWay-Projekten.<\/p>\n<p><strong><a href=\"https:\/\/www.perl-bau.at\/wp\/wp-content\/uploads\/2015\/02\/Terraway-Folder-deutsch.pdf\">Download Terraway Folder<\/a><\/strong><\/p>\n<p><strong>Link zum Partnerunternehmen&#8230;<\/strong><\/p>\n<\/div>\n<div class=\"entry-content\">\u00a0<a href=\"http:\/\/www.steinbauer.co.at\"><img loading=\"lazy\" decoding=\"async\" class=\"  wp-image-85 alignnone\" src=\"https:\/\/www.perl-bau.at\/wp\/wp-content\/uploads\/2015\/02\/dark_logo.png\" alt=\"dark_logo\" width=\"238\" height=\"45\" \/><\/a><\/div>\n","protected":false},"excerpt":{"rendered":"<p>TerraWay-Bel\u00e4ge lassen die Erde aufatmen TerraWay ist ein fester und belastbarer, gleichzeitig jedoch wasserdurchl\u00e4ssiger und <a class=\"more-link\" href=\"https:\/\/www.perl-bau.at\/wp\/?page_id=120\">weiterlesen &rarr;<\/a><\/p>\n","protected":false},"author":2,"featured_media":62,"parent":0,"menu_order":0,"comment_status":"closed","ping_status":"open","template":"","meta":{"footnotes":""},"class_list":["post-120","page","type-page","status-publish","has-post-thumbnail","hentry"],"_links":{"self":[{"href":"https:\/\/www.perl-bau.at\/wp\/index.php?rest_route=\/wp\/v2\/pages\/120","targetHints":{"allow":["GET"]}}],"collection":[{"href":"https:\/\/www.perl-bau.at\/wp\/index.php?rest_route=\/wp\/v2\/pages"}],"about":[{"href":"https:\/\/www.perl-bau.at\/wp\/index.php?rest_route=\/wp\/v2\/types\/page"}],"author":[{"embeddable":true,"href":"https:\/\/www.perl-bau.at\/wp\/index.php?rest_route=\/wp\/v2\/users\/2"}],"replies":[{"embeddable":true,"href":"https:\/\/www.perl-bau.at\/wp\/index.php?rest_route=%2Fwp%2Fv2%2Fcomments&post=120"}],"version-history":[{"count":4,"href":"https:\/\/www.perl-bau.at\/wp\/index.php?rest_route=\/wp\/v2\/pages\/120\/revisions"}],"predecessor-version":[{"id":325,"href":"https:\/\/www.perl-bau.at\/wp\/index.php?rest_route=\/wp\/v2\/pages\/120\/revisions\/325"}],"wp:featuredmedia":[{"embeddable":true,"href":"https:\/\/www.perl-bau.at\/wp\/index.php?rest_route=\/wp\/v2\/media\/62"}],"wp:attachment":[{"href":"https:\/\/www.perl-bau.at\/wp\/index.php?rest_route=%2Fwp%2Fv2%2Fmedia&parent=120"}],"curies":[{"name":"wp","href":"https:\/\/api.w.org\/{rel}","templated":true}]}}