{"id":136,"date":"2015-02-27T18:30:41","date_gmt":"2015-02-27T18:30:41","guid":{"rendered":"https:\/\/www.perl-bau.at\/wp\/?page_id=136"},"modified":"2019-02-11T07:22:17","modified_gmt":"2019-02-11T07:22:17","slug":"protectsys","status":"publish","type":"page","link":"https:\/\/www.perl-bau.at\/wp\/?page_id=136","title":{"rendered":"ProtectSys"},"content":{"rendered":"<h1><a href=\"http:\/\/www.ild-group.at\">Alle Informationen zu LECKORTUNG, DICHTHEITSPR\u00dcFUNG und MONITIRING finden sie auf der neuen Homepage der ILD \u00d6sterreich:<\/a><\/h1>\n<h1><a href=\"http:\/\/www.ild-group.at\">http:\/\/www.ild-group.at<\/a><\/h1>\n<h3>Schadhafte Flachd\u00e4cher?\u00a0 Wassereintritte?\u00a0 \u00dcberpr\u00fcfung neuer Abdichtungen?<\/h3>\n<p>Wir haben die L\u00f6sung! In Kooperation mit <strong>ILD \u00d6sterreich<\/strong> f\u00fchren wir Dichtheitspr\u00fcfungen und Leckortungen auf Flachd\u00e4chern, Terrassen und auch bei Biotopen durch.<\/p>\n<p><strong>EFVM<sup>\u00ae<\/sup> (Electric Field Vector Mapping<sup>\u00ae<\/sup>)<\/strong> ist eine auf Stromflussmessung basierende Methode der Leckageortung. Unser Vorgehen ist gleichsam innovativ wie einfach: Ein d\u00fcnner Wasserfilm wird auf der zu pr\u00fcfenden Oberfl\u00e4che aufgebracht und eine Niedrigspannung angelegt. \u00dcberall, wo ein gerichteter Elektronenfluss auftritt, muss eine Erdung vorliegen \u2013 und damit eine Durchdringung der Oberfl\u00e4chenmembran. Dieses Wissen erm\u00f6glicht unseren Messtechnikern die punktgenaue Ortung aller vorhandenen Schadstellen, unabh\u00e4ngig von deren Gr\u00f6\u00dfe und Beschaffenheit.<\/p>\n<p><img decoding=\"async\" class=\" alignnone\" src=\"http:\/\/www.ild-group.com\/img\/media\/efvm_funktion.gif\" alt=\"\" \/><\/p>\n<p>Eine Weiterentwicklung des <strong>EFVM<sup>\u00ae<\/sup> <\/strong>stellt das Leckortungssystem <strong>ProtectSys<sup>\u00ae<\/sup> B<\/strong> dar. Mit diesem System ist es m\u00f6glich auch neu verlegte Abdichtungen, unmittelbar nach der Herstellung oder auch zu jedem sp\u00e4teren Zeitpunkt, auf Dichtheit zu \u00fcberpr\u00fcfen.<\/p>\n<p><strong>Pr0tectSys<sup>\u00ae<\/sup> B<\/strong> besteht aus einem elektrisch hochleitenden Material (Vlies oder Edelstahlgitter) sowie aus Kontaktplatten und Kontaktsteckern, die bei der Herstellung direkt unter der Abdichtung verlegt werden. Die \u00dcberpr\u00fcfung erfolgt wie bei\u00a0 <strong>EFVM<sup>\u00ae<\/sup><\/strong>durch Aufbringen eines d\u00fcnnen Wasserfilmes und Anlegen einer Niederspannung. Da der Gegenpol des Elektronenflusses nun unmittelbar unter der Abdichtung liegt, m\u00fcsste auch bei der kleinsten Undichtheit bereits ein gerichteter Elektonenfluss vorliegen. Ist dies nicht der Fall, kann die 100%-ige Dichtheit der Abdichtung best\u00e4tigt werden!<\/p>\n<p><a href=\"https:\/\/www.perl-bau.at\/wp\/wp-content\/uploads\/2015\/02\/Protectsysb.jpg\"><img loading=\"lazy\" decoding=\"async\" class=\"alignnone wp-image-141 size-medium\" src=\"https:\/\/www.perl-bau.at\/wp\/wp-content\/uploads\/2015\/02\/Protectsysb-300x223.jpg\" alt=\"Protectsysb\" width=\"300\" height=\"223\" srcset=\"https:\/\/www.perl-bau.at\/wp\/wp-content\/uploads\/2015\/02\/Protectsysb-300x223.jpg 300w, https:\/\/www.perl-bau.at\/wp\/wp-content\/uploads\/2015\/02\/Protectsysb-1024x760.jpg 1024w, https:\/\/www.perl-bau.at\/wp\/wp-content\/uploads\/2015\/02\/Protectsysb.jpg 1752w\" sizes=\"auto, (max-width: 300px) 100vw, 300px\" \/><\/a><\/p>\n<p>Absolute Sicherheit f\u00fcr Flachd\u00e4cher bietet das permanente \u00dcberwachungssystem <strong>ProtectSys<sup>\u00ae<\/sup> Wireless Monitoring (WM)<\/strong>. Unabl\u00e4ssig messen Thermometer-Hygrometer-Einheiten die Temperatur und die relative Feuchtigkeit, sowohl innerhalb als auch au\u00dferhalb der D\u00e4mmschicht. Die ermittelten Daten werden per Funk an eine Zentraleinheit \u00fcbermittelt und von dort aus \u00fcber GSM\/LAN an einen Zentralrechner gemailt. Dieser wertet die Daten aus und errechnet den Wasserdampfdruck. Aus den Einzelwerten entsteht eine Datenkurve, deren Verlauf R\u00fcckschl\u00fcsse auf den Zustand des Daches erlaubt. Bei \u00fcberh\u00f6hten Werten wird umgehend Alarm geschlagen. Aber auch bei stabiler Entwicklung informiert ein Messprotokoll nach Ablauf eines Jahres \u00fcber den aktuellen Stand der Dinge. Durch diese gezielte M\u00f6glichkeit der Fehlerbehebung werden nachhaltig Zeit, Aufwand und viel Geld gespart\u00a0 \u2013 ein Angebot also, von dem Sie als Architekt, Bauherr, Baufirma und Verarbeiter gleicherma\u00dfen profitieren.<\/p>\n<p><strong>Dank ProtectSys<sup>\u00ae<\/sup> WM bewahren Sie immer den \u00dcberblick \u2013 und Ihr Dach vor gef\u00e4hrlichen Sch\u00e4den.<\/strong><\/p>\n<p><a href=\"https:\/\/www.perl-bau.at\/wp\/wp-content\/uploads\/2015\/02\/Protectsyswm.jpg\"><img loading=\"lazy\" decoding=\"async\" class=\"alignnone wp-image-142 size-medium\" src=\"https:\/\/www.perl-bau.at\/wp\/wp-content\/uploads\/2015\/02\/Protectsyswm-300x149.jpg\" alt=\"Protectsyswm\" width=\"300\" height=\"149\" srcset=\"https:\/\/www.perl-bau.at\/wp\/wp-content\/uploads\/2015\/02\/Protectsyswm-300x149.jpg 300w, https:\/\/www.perl-bau.at\/wp\/wp-content\/uploads\/2015\/02\/Protectsyswm.jpg 940w\" sizes=\"auto, (max-width: 300px) 100vw, 300px\" \/><\/a><\/p>\n<p>Ausf\u00fchrliche Informationen und Beschreibungen finden sie auf der Homepage der <a href=\"http:\/\/www.ild-group.at\" target=\"_blank\" rel=\"noopener noreferrer\">ILD-Gruppe<\/a>.<\/p>\n<p><a href=\"http:\/\/www.ild-group.at\" target=\"_blank\" rel=\"noopener noreferrer\"><img loading=\"lazy\" decoding=\"async\" class=\"alignnone wp-image-38\" src=\"https:\/\/www.perl-bau.at\/wp\/wp-content\/uploads\/2015\/02\/ILD_final-150x150.jpg\" alt=\"ILD\" width=\"150\" height=\"150\" \/><\/a><\/p>\n","protected":false},"excerpt":{"rendered":"<p>Alle Informationen zu LECKORTUNG, DICHTHEITSPR\u00dcFUNG und MONITIRING finden sie auf der neuen Homepage der ILD <a class=\"more-link\" href=\"https:\/\/www.perl-bau.at\/wp\/?page_id=136\">weiterlesen &rarr;<\/a><\/p>\n","protected":false},"author":2,"featured_media":61,"parent":0,"menu_order":0,"comment_status":"closed","ping_status":"open","template":"","meta":{"footnotes":""},"class_list":["post-136","page","type-page","status-publish","has-post-thumbnail","hentry"],"_links":{"self":[{"href":"https:\/\/www.perl-bau.at\/wp\/index.php?rest_route=\/wp\/v2\/pages\/136","targetHints":{"allow":["GET"]}}],"collection":[{"href":"https:\/\/www.perl-bau.at\/wp\/index.php?rest_route=\/wp\/v2\/pages"}],"about":[{"href":"https:\/\/www.perl-bau.at\/wp\/index.php?rest_route=\/wp\/v2\/types\/page"}],"author":[{"embeddable":true,"href":"https:\/\/www.perl-bau.at\/wp\/index.php?rest_route=\/wp\/v2\/users\/2"}],"replies":[{"embeddable":true,"href":"https:\/\/www.perl-bau.at\/wp\/index.php?rest_route=%2Fwp%2Fv2%2Fcomments&post=136"}],"version-history":[{"count":8,"href":"https:\/\/www.perl-bau.at\/wp\/index.php?rest_route=\/wp\/v2\/pages\/136\/revisions"}],"predecessor-version":[{"id":308,"href":"https:\/\/www.perl-bau.at\/wp\/index.php?rest_route=\/wp\/v2\/pages\/136\/revisions\/308"}],"wp:featuredmedia":[{"embeddable":true,"href":"https:\/\/www.perl-bau.at\/wp\/index.php?rest_route=\/wp\/v2\/media\/61"}],"wp:attachment":[{"href":"https:\/\/www.perl-bau.at\/wp\/index.php?rest_route=%2Fwp%2Fv2%2Fmedia&parent=136"}],"curies":[{"name":"wp","href":"https:\/\/api.w.org\/{rel}","templated":true}]}}