{"id":147,"date":"2015-02-27T18:57:42","date_gmt":"2015-02-27T18:57:42","guid":{"rendered":"https:\/\/www.perl-bau.at\/wp\/?page_id=147"},"modified":"2020-06-26T11:29:58","modified_gmt":"2020-06-26T11:29:58","slug":"baukg-3","status":"publish","type":"page","link":"https:\/\/www.perl-bau.at\/wp\/?page_id=147","title":{"rendered":"BauKG"},"content":{"rendered":"<p>Die Koordination von Bauarbeiten wird im BauKG (Bauarbeitenkoordinationsgesetz) sowie im <a href=\"http:\/\/www.arbeitsinspektion.gv.at\/AI\/Arbeitsschutz\/Koordination\/default.htm\">\u00a7 8 ASchG<\/a> (ArbeitnehmerInnenschutzgesetz) geregelt.<\/p>\n<p>Das <a title=\"PDF-Dokument\" href=\"http:\/\/www.arbeitsinspektion.gv.at\/NR\/rdonlyres\/2DF78215-2D71-4304-A2AB-D3EA2C293636\/0\/BauKG_Novelle_Juli_2011.pdf\" target=\"_blank\" rel=\"noopener noreferrer\">BauKG<\/a> soll durch Koordinierung bei Vorbereitung und Durchf\u00fchrung von Bauarbeiten die Sicherheit und den Gesundheitsschutz der Besch\u00e4ftigten auf Baustellen erh\u00f6hen.<\/p>\n<p>Erreicht soll dies dadurch werden, dass zum Beispiel gemeinsame Sicherheitseinrichtungen wie Ger\u00fcste oder Gel\u00e4nder so ausgebildet werden, dass sie zum Schutz von Arbeitnehmer\/innen von verschiedenen Arbeitgeber\/innen geeignet und im Sicherheits- und Gesundheitsschutzplan (neben anderen Ma\u00dfnahmen) festgelegt werden.<\/p>\n<p>Verantwortlich f\u00fcr die Umsetzung sind die Bauherren bzw. Projektleiter\/innen und (beschr\u00e4nkt auf die jeweiligen Bauphasen) f\u00fcr ihren Aufgabenbereich die Koordinator\/innen.<\/p>\n<p>Wenn auf einer Baustelle gleichzeitig oder aufeinanderfolgend Arbeitnehmer\/innen von zumindest zwei Arbeitgeber\/innen besch\u00e4ftigt werden, muss der Bauherr Koordinator\/innen (Planungs- und Baustellenkoordination) bestellen. \u00a7 3 Abs 1 BauKG.<\/p>\n<p>Die Firma perl.bau.consulting GmbH bietet sowohl die Leistungen des Planungskoordinators als auch des Baustellenkoordinators an. Die BauKG Leistungen werden von uns entweder direkt f\u00fcr Bauherren durchgef\u00fchrt, eine Vielzahl von Projekten wurden bzw. werden in Kooperation mit der Fa. <a href=\"http:\/\/www.fcp.at\" target=\"_blank\" rel=\"noopener noreferrer\"><strong>FCP &#8211; Fritsch, Chiari &amp; Partner ZT GmbH<\/strong> <\/a>durchgef\u00fchrt.<\/p>\n<p><a href=\"https:\/\/www.perl-bau.at\/wp\/wp-content\/uploads\/2015\/09\/BauKG-Infoblatt.pdf\">Download BauKG Infoblatt.pdf<\/a><\/p>\n","protected":false},"excerpt":{"rendered":"<p>Die Koordination von Bauarbeiten wird im BauKG (Bauarbeitenkoordinationsgesetz) sowie im \u00a7 8 ASchG (ArbeitnehmerInnenschutzgesetz) geregelt. <a class=\"more-link\" href=\"https:\/\/www.perl-bau.at\/wp\/?page_id=147\">weiterlesen &rarr;<\/a><\/p>\n","protected":false},"author":2,"featured_media":59,"parent":0,"menu_order":0,"comment_status":"closed","ping_status":"open","template":"","meta":{"footnotes":""},"class_list":["post-147","page","type-page","status-publish","has-post-thumbnail","hentry"],"_links":{"self":[{"href":"https:\/\/www.perl-bau.at\/wp\/index.php?rest_route=\/wp\/v2\/pages\/147","targetHints":{"allow":["GET"]}}],"collection":[{"href":"https:\/\/www.perl-bau.at\/wp\/index.php?rest_route=\/wp\/v2\/pages"}],"about":[{"href":"https:\/\/www.perl-bau.at\/wp\/index.php?rest_route=\/wp\/v2\/types\/page"}],"author":[{"embeddable":true,"href":"https:\/\/www.perl-bau.at\/wp\/index.php?rest_route=\/wp\/v2\/users\/2"}],"replies":[{"embeddable":true,"href":"https:\/\/www.perl-bau.at\/wp\/index.php?rest_route=%2Fwp%2Fv2%2Fcomments&post=147"}],"version-history":[{"count":6,"href":"https:\/\/www.perl-bau.at\/wp\/index.php?rest_route=\/wp\/v2\/pages\/147\/revisions"}],"predecessor-version":[{"id":324,"href":"https:\/\/www.perl-bau.at\/wp\/index.php?rest_route=\/wp\/v2\/pages\/147\/revisions\/324"}],"wp:featuredmedia":[{"embeddable":true,"href":"https:\/\/www.perl-bau.at\/wp\/index.php?rest_route=\/wp\/v2\/media\/59"}],"wp:attachment":[{"href":"https:\/\/www.perl-bau.at\/wp\/index.php?rest_route=%2Fwp%2Fv2%2Fmedia&parent=147"}],"curies":[{"name":"wp","href":"https:\/\/api.w.org\/{rel}","templated":true}]}}