{"id":222,"date":"2015-09-23T10:52:02","date_gmt":"2015-09-23T10:52:02","guid":{"rendered":"https:\/\/www.perl-bau.at\/wp\/?page_id=222"},"modified":"2016-05-01T08:30:59","modified_gmt":"2016-05-01T08:30:59","slug":"immoconsulting-immobilienberatung-vom-profi","status":"publish","type":"page","link":"https:\/\/www.perl-bau.at\/wp\/?page_id=222","title":{"rendered":"ImmoConsulting"},"content":{"rendered":"<p><strong>Immobilienberatung vom Profi f\u00fcr Profis!<\/strong><\/p>\n<p>Mit dieser Dienstleistung richten wir uns in erster Linie an Immobilienmakler, Bautr\u00e4ger und Investoren, aber auch an Privatpersonen, die im Bereich Immobilienentwicklung und -vermarktung\u00a0 professionelle Unterst\u00fctzung suchen.<\/p>\n<p>Unser Leistungen umfassen unter anderem&#8230;Begutachtung von Liegenschaften und Objekten aus bautechnischer Sicht<\/p>\n<p>&nbsp;<\/p>\n<ul>\n<li>Bewertung von Liegenschaften und Objekten<\/li>\n<li>Erstellung von Nutzungs- und Entwicklungskonzepten (z.B. Zinsh\u00e4user, Grundst\u00fccke)<\/li>\n<li>Erstellung bzw. \u00dcberarbeitung von Vermarktungsunterlagen (Expos\u00e9s, Folder, Flyer,&#8230;)<\/li>\n<li>Anfertigung hochwertiger Fotos f\u00fcr Vermarktungsunterlagen<\/li>\n<li>Anfertigung hochqualitativer Visualisierungen und Renderings<\/li>\n<li>u.v.m.<\/li>\n<\/ul>\n<p>Durch die eigene T\u00e4tigkeit als Projektentwickler und Bautr\u00e4ger, aber auch durch die Zusammenarbeit mit vielen anderen Bautr\u00e4gern, Architekten, Maklern und Investoren verf\u00fcgen wir \u00fcber ein augezeichnetes Netzwerk um Sie in fast allen Belangen rund um Ihre Immobilie professionell zu unterst\u00fctzen.<\/p>\n<p>Wir freuen uns auf Ihre Anfrage!<\/p>\n<p>&nbsp;<\/p>\n<p><a href=\"https:\/\/www.perl-bau.at\/wp\/wp-content\/uploads\/2015\/09\/ImmoConsulting-Infoblatt.pdf\">Download ImmoConsulting Infoblatt.pdf<\/a><\/p>\n","protected":false},"excerpt":{"rendered":"<p>Immobilienberatung vom Profi f\u00fcr Profis! Mit dieser Dienstleistung richten wir uns in erster Linie an <a class=\"more-link\" href=\"https:\/\/www.perl-bau.at\/wp\/?page_id=222\">weiterlesen &rarr;<\/a><\/p>\n","protected":false},"author":2,"featured_media":275,"parent":0,"menu_order":0,"comment_status":"closed","ping_status":"closed","template":"","meta":{"footnotes":""},"class_list":["post-222","page","type-page","status-publish","has-post-thumbnail","hentry"],"_links":{"self":[{"href":"https:\/\/www.perl-bau.at\/wp\/index.php?rest_route=\/wp\/v2\/pages\/222","targetHints":{"allow":["GET"]}}],"collection":[{"href":"https:\/\/www.perl-bau.at\/wp\/index.php?rest_route=\/wp\/v2\/pages"}],"about":[{"href":"https:\/\/www.perl-bau.at\/wp\/index.php?rest_route=\/wp\/v2\/types\/page"}],"author":[{"embeddable":true,"href":"https:\/\/www.perl-bau.at\/wp\/index.php?rest_route=\/wp\/v2\/users\/2"}],"replies":[{"embeddable":true,"href":"https:\/\/www.perl-bau.at\/wp\/index.php?rest_route=%2Fwp%2Fv2%2Fcomments&post=222"}],"version-history":[{"count":13,"href":"https:\/\/www.perl-bau.at\/wp\/index.php?rest_route=\/wp\/v2\/pages\/222\/revisions"}],"predecessor-version":[{"id":292,"href":"https:\/\/www.perl-bau.at\/wp\/index.php?rest_route=\/wp\/v2\/pages\/222\/revisions\/292"}],"wp:featuredmedia":[{"embeddable":true,"href":"https:\/\/www.perl-bau.at\/wp\/index.php?rest_route=\/wp\/v2\/media\/275"}],"wp:attachment":[{"href":"https:\/\/www.perl-bau.at\/wp\/index.php?rest_route=%2Fwp%2Fv2%2Fmedia&parent=222"}],"curies":[{"name":"wp","href":"https:\/\/api.w.org\/{rel}","templated":true}]}}